{"id":2508,"date":"2024-09-06T11:27:56","date_gmt":"2024-09-06T09:27:56","guid":{"rendered":"https:\/\/wedocircular.com\/?page_id=2508"},"modified":"2025-10-25T11:20:52","modified_gmt":"2025-10-25T09:20:52","slug":"newsletter-contacto","status":"publish","type":"page","link":"https:\/\/wedocircular.com\/cat\/newsletter-contacto\/","title":{"rendered":"Newsletter &#8211; Contacto"},"content":{"rendered":"<div data-elementor-type=\"wp-page\" data-elementor-id=\"2508\" class=\"elementor elementor-2508\" data-elementor-post-type=\"page\">\n\t\t\t\t<div class=\"elementor-element elementor-element-a3b46af e-flex e-con-boxed e-con e-parent\" data-id=\"a3b46af\" data-element_type=\"container\" data-settings=\"{&quot;background_background&quot;:&quot;classic&quot;}\">\n\t\t\t\t\t<div class=\"e-con-inner\">\n\t\t<div class=\"elementor-element elementor-element-cda6c1a e-con-full e-flex e-con e-child\" data-id=\"cda6c1a\" data-element_type=\"container\">\n\t\t\t\t<div class=\"elementor-element elementor-element-61af6fa elementor-widget-laptop__width-initial elementor-invisible elementor-widget elementor-widget-heading\" data-id=\"61af6fa\" data-element_type=\"widget\" data-settings=\"{&quot;_animation&quot;:&quot;slideInLeft&quot;,&quot;_animation_mobile&quot;:&quot;none&quot;}\" data-widget_type=\"heading.default\">\n\t\t\t\t<div class=\"elementor-widget-container\">\n\t\t\t\t\t<h4 class=\"elementor-heading-title elementor-size-default\">Gr\u00e0cies per<br>contactar.<\/h4>\t\t\t\t<\/div>\n\t\t\t\t<\/div>\n\t\t\t\t<div class=\"elementor-element elementor-element-7a35142 elementor-align-left elementor-mobile-align-left elementor-hidden-widescreen elementor-hidden-desktop elementor-hidden-laptop elementor-hidden-tablet_extra elementor-hidden-tablet elementor-hidden-mobile elementor-widget elementor-widget-lottie\" data-id=\"7a35142\" data-element_type=\"widget\" data-settings=\"{&quot;source&quot;:&quot;external_url&quot;,&quot;source_external_url&quot;:{&quot;url&quot;:&quot;https:\\\/\\\/wedocircular.com\\\/new\\\/wp-content\\\/uploads\\\/2025\\\/09\\\/lottie12-naranja-claro.json&quot;,&quot;is_external&quot;:&quot;&quot;,&quot;nofollow&quot;:&quot;&quot;,&quot;custom_attributes&quot;:&quot;&quot;},&quot;loop&quot;:&quot;yes&quot;,&quot;link_to&quot;:&quot;none&quot;,&quot;trigger&quot;:&quot;arriving_to_viewport&quot;,&quot;viewport&quot;:{&quot;unit&quot;:&quot;%&quot;,&quot;size&quot;:&quot;&quot;,&quot;sizes&quot;:{&quot;start&quot;:0,&quot;end&quot;:100}},&quot;play_speed&quot;:{&quot;unit&quot;:&quot;px&quot;,&quot;size&quot;:1,&quot;sizes&quot;:[]},&quot;start_point&quot;:{&quot;unit&quot;:&quot;%&quot;,&quot;size&quot;:0,&quot;sizes&quot;:[]},&quot;end_point&quot;:{&quot;unit&quot;:&quot;%&quot;,&quot;size&quot;:100,&quot;sizes&quot;:[]},&quot;renderer&quot;:&quot;svg&quot;}\" data-widget_type=\"lottie.default\">\n\t\t\t\t<div class=\"elementor-widget-container\">\n\t\t\t\t\t<div class=\"e-lottie__container\"><div class=\"e-lottie__animation\"><\/div><\/div>\t\t\t\t<\/div>\n\t\t\t\t<\/div>\n\t\t\t\t<\/div>\n\t\t<div class=\"elementor-element elementor-element-3bbaa64 e-con-full e-flex e-con e-child\" data-id=\"3bbaa64\" data-element_type=\"container\">\n\t\t\t\t<div class=\"elementor-element elementor-element-bba83bc elementor-widget__width-initial elementor-widget-tablet__width-initial elementor-invisible elementor-widget elementor-widget-text-editor\" data-id=\"bba83bc\" data-element_type=\"widget\" data-settings=\"{&quot;_animation&quot;:&quot;fadeIn&quot;}\" data-widget_type=\"text-editor.default\">\n\t\t\t\t<div class=\"elementor-widget-container\">\n\t\t\t\t\t\t\t\t\t<p class=\"p1\">Et respondr\u00e9 ben aviat per concertar una trucada i poder parlar del teu repte i possibles solucions.<\/p>\t\t\t\t\t\t\t\t<\/div>\n\t\t\t\t<\/div>\n\t\t\t\t<div class=\"elementor-element elementor-element-eec7bb6 elementor-widget__width-initial elementor-widget-tablet__width-initial elementor-invisible elementor-widget elementor-widget-text-editor\" data-id=\"eec7bb6\" data-element_type=\"widget\" data-settings=\"{&quot;_animation&quot;:&quot;fadeIn&quot;}\" data-widget_type=\"text-editor.default\">\n\t\t\t\t<div class=\"elementor-widget-container\">\n\t\t\t\t\t\t\t\t\t<p><strong>Si no has rebut cap resposta en 48h, si us plau revisa la teva b\u00fastia de correu no desitjat.<\/strong><\/p>\t\t\t\t\t\t\t\t<\/div>\n\t\t\t\t<\/div>\n\t\t\t\t<div class=\"elementor-element elementor-element-2864632 elementor-widget__width-initial elementor-widget-tablet__width-initial elementor-invisible elementor-widget elementor-widget-text-editor\" data-id=\"2864632\" data-element_type=\"widget\" data-settings=\"{&quot;_animation&quot;:&quot;fadeIn&quot;}\" data-widget_type=\"text-editor.default\">\n\t\t\t\t<div class=\"elementor-widget-container\">\n\t\t\t\t\t\t\t\t\t<p class=\"p1\">Fins aviat!<\/p>\t\t\t\t\t\t\t\t<\/div>\n\t\t\t\t<\/div>\n\t\t\t\t<\/div>\n\t\t\t\t\t<\/div>\n\t\t\t\t<\/div>\n\t\t\t\t<\/div>","protected":false},"excerpt":{"rendered":"<p>Gracias porcontactar. En breve te responder\u00c3\u00a9 para concertar una llamada y poder hablar de tu reto y posibles soluciones. Si no has recibido ninguna respuesta en un m\u00c3\u00a1ximo de 48h., por favor consulta tu buz\u00c3\u00b3n de correo electr\u00c3\u00b3nico no deseado. \u00c2\u00a1Hasta pronto!<\/p>","protected":false},"author":1,"featured_media":11782,"parent":0,"menu_order":0,"comment_status":"closed","ping_status":"closed","template":"elementor_header_footer","meta":{"footnotes":""},"class_list":["post-2508","page","type-page","status-publish","has-post-thumbnail"],"yoast_head":"<!-- This site is optimized with the Yoast SEO plugin v26.5 - https:\/\/yoast.com\/wordpress\/plugins\/seo\/ -->\n<title>We do Circular | Agencia de Publicidad Creativa Barcelona<\/title>\n<meta name=\"description\" content=\"En We do Circular ayudamos a las marcas a descubrir las oportunidades que tienen a trav\u00c3\u00a9s de estrategias de marca y comunicaci\u00c3\u00b3n creativas.\" \/>\n<meta name=\"robots\" content=\"index, follow, max-snippet:-1, max-image-preview:large, max-video-preview:-1\" \/>\n<link rel=\"canonical\" href=\"https:\/\/wedocircular.comsletter-contacto\/\" \/>\n<meta property=\"og:locale\" content=\"ca_ES\" \/>\n<meta property=\"og:type\" content=\"article\" \/>\n<meta property=\"og:title\" content=\"We do Circular | Agencia de Publicidad Creativa Barcelona\" \/>\n<meta property=\"og:description\" content=\"En We do Circular ayudamos a las marcas a descubrir las oportunidades que tienen a trav\u00c3\u00a9s de estrategias de marca y comunicaci\u00c3\u00b3n creativas.\" \/>\n<meta property=\"og:url\" content=\"https:\/\/wedocircular.comsletter-contacto\/\" \/>\n<meta property=\"og:site_name\" content=\"We do Circular. Agencia de Branding, Creatividad y Comunicaci\u00f3n\" \/>\n<meta property=\"article:modified_time\" content=\"2025-10-25T09:20:52+00:00\" \/>\n<meta property=\"og:image\" content=\"https:\/\/wedocircular.com\/wp-content\/uploads\/2025\/10\/Favicon_WedoCircular.png\" \/>\n\t<meta property=\"og:image:width\" content=\"950\" \/>\n\t<meta property=\"og:image:height\" content=\"950\" \/>\n\t<meta property=\"og:image:type\" content=\"image\/png\" \/>\n<meta name=\"twitter:card\" content=\"summary_large_image\" \/>\n<meta name=\"twitter:label1\" content=\"Temps estimat de lectura\" \/>\n\t<meta name=\"twitter:data1\" content=\"1 minut\" \/>\n<script type=\"application\/ld+json\" class=\"yoast-schema-graph\">{\"@context\":\"https:\/\/schema.org\",\"@graph\":[{\"@type\":\"WebPage\",\"@id\":\"https:\/\/wedocircular.comsletter-contacto\/\",\"url\":\"https:\/\/wedocircular.comsletter-contacto\/\",\"name\":\"We do Circular | Agencia de Publicidad Creativa Barcelona\",\"isPartOf\":{\"@id\":\"https:\/\/wedocircular.com\/#website\"},\"primaryImageOfPage\":{\"@id\":\"https:\/\/wedocircular.comsletter-contacto\/#primaryimage\"},\"image\":{\"@id\":\"https:\/\/wedocircular.comsletter-contacto\/#primaryimage\"},\"thumbnailUrl\":\"https:\/\/wedocircular.com\/wp-content\/uploads\/2025\/10\/Favicon_WedoCircular.png\",\"datePublished\":\"2024-09-06T09:27:56+00:00\",\"dateModified\":\"2025-10-25T09:20:52+00:00\",\"description\":\"En We do Circular ayudamos a las marcas a descubrir las oportunidades que tienen a trav\u00c3\u00a9s de estrategias de marca y comunicaci\u00c3\u00b3n creativas.\",\"breadcrumb\":{\"@id\":\"https:\/\/wedocircular.comsletter-contacto\/#breadcrumb\"},\"inLanguage\":\"ca\",\"potentialAction\":[{\"@type\":\"ReadAction\",\"target\":[\"https:\/\/wedocircular.comsletter-contacto\/\"]}]},{\"@type\":\"ImageObject\",\"inLanguage\":\"ca\",\"@id\":\"https:\/\/wedocircular.comsletter-contacto\/#primaryimage\",\"url\":\"https:\/\/wedocircular.com\/wp-content\/uploads\/2025\/10\/Favicon_WedoCircular.png\",\"contentUrl\":\"https:\/\/wedocircular.com\/wp-content\/uploads\/2025\/10\/Favicon_WedoCircular.png\",\"width\":950,\"height\":950},{\"@type\":\"BreadcrumbList\",\"@id\":\"https:\/\/wedocircular.comsletter-contacto\/#breadcrumb\",\"itemListElement\":[{\"@type\":\"ListItem\",\"position\":1,\"name\":\"Portada\",\"item\":\"https:\/\/wedocircular.com\/es\/\"},{\"@type\":\"ListItem\",\"position\":2,\"name\":\"Newsletter &#8211; Contacto\"}]},{\"@type\":\"WebSite\",\"@id\":\"https:\/\/wedocircular.com\/#website\",\"url\":\"https:\/\/wedocircular.com\/\",\"name\":\"We do Circular. Agencia de Branding, Creatividad y Comunicaci\u00f3n\",\"description\":\"Agencia creativa y publicidad en Barcelona. 20 a\u00f1os desarrollando estrategias de marca y comunicaci\u00f3n para marcas globales y locales.\",\"potentialAction\":[{\"@type\":\"SearchAction\",\"target\":{\"@type\":\"EntryPoint\",\"urlTemplate\":\"https:\/\/wedocircular.com\/?s={search_term_string}\"},\"query-input\":{\"@type\":\"PropertyValueSpecification\",\"valueRequired\":true,\"valueName\":\"search_term_string\"}}],\"inLanguage\":\"ca\"}]}<\/script>\n<!-- \/ Yoast SEO plugin. -->","yoast_head_json":{"title":"We do Circular | Agencia de Publicidad Creativa Barcelona","description":"En We do Circular ayudamos a las marcas a descubrir las oportunidades que tienen a trav\u00c3\u00a9s de estrategias de marca y comunicaci\u00c3\u00b3n creativas.","robots":{"index":"index","follow":"follow","max-snippet":"max-snippet:-1","max-image-preview":"max-image-preview:large","max-video-preview":"max-video-preview:-1"},"canonical":"https:\/\/wedocircular.comsletter-contacto\/","og_locale":"ca_ES","og_type":"article","og_title":"We do Circular | Agencia de Publicidad Creativa Barcelona","og_description":"En We do Circular ayudamos a las marcas a descubrir las oportunidades que tienen a trav\u00c3\u00a9s de estrategias de marca y comunicaci\u00c3\u00b3n creativas.","og_url":"https:\/\/wedocircular.comsletter-contacto\/","og_site_name":"We do Circular. Agencia de Branding, Creatividad y Comunicaci\u00f3n","article_modified_time":"2025-10-25T09:20:52+00:00","og_image":[{"width":950,"height":950,"url":"https:\/\/wedocircular.com\/wp-content\/uploads\/2025\/10\/Favicon_WedoCircular.png","type":"image\/png"}],"twitter_card":"summary_large_image","twitter_misc":{"Temps estimat de lectura":"1 minut"},"schema":{"@context":"https:\/\/schema.org","@graph":[{"@type":"WebPage","@id":"https:\/\/wedocircular.comsletter-contacto\/","url":"https:\/\/wedocircular.comsletter-contacto\/","name":"We do Circular | Agencia de Publicidad Creativa Barcelona","isPartOf":{"@id":"https:\/\/wedocircular.com\/#website"},"primaryImageOfPage":{"@id":"https:\/\/wedocircular.comsletter-contacto\/#primaryimage"},"image":{"@id":"https:\/\/wedocircular.comsletter-contacto\/#primaryimage"},"thumbnailUrl":"https:\/\/wedocircular.com\/wp-content\/uploads\/2025\/10\/Favicon_WedoCircular.png","datePublished":"2024-09-06T09:27:56+00:00","dateModified":"2025-10-25T09:20:52+00:00","description":"En We do Circular ayudamos a las marcas a descubrir las oportunidades que tienen a trav\u00c3\u00a9s de estrategias de marca y comunicaci\u00c3\u00b3n creativas.","breadcrumb":{"@id":"https:\/\/wedocircular.comsletter-contacto\/#breadcrumb"},"inLanguage":"ca","potentialAction":[{"@type":"ReadAction","target":["https:\/\/wedocircular.comsletter-contacto\/"]}]},{"@type":"ImageObject","inLanguage":"ca","@id":"https:\/\/wedocircular.comsletter-contacto\/#primaryimage","url":"https:\/\/wedocircular.com\/wp-content\/uploads\/2025\/10\/Favicon_WedoCircular.png","contentUrl":"https:\/\/wedocircular.com\/wp-content\/uploads\/2025\/10\/Favicon_WedoCircular.png","width":950,"height":950},{"@type":"BreadcrumbList","@id":"https:\/\/wedocircular.comsletter-contacto\/#breadcrumb","itemListElement":[{"@type":"ListItem","position":1,"name":"Portada","item":"https:\/\/wedocircular.com\/es\/"},{"@type":"ListItem","position":2,"name":"Newsletter &#8211; Contacto"}]},{"@type":"WebSite","@id":"https:\/\/wedocircular.com\/#website","url":"https:\/\/wedocircular.com\/","name":"We do Circular. Agencia de Branding, Creatividad y Comunicaci\u00f3n","description":"Agencia creativa y publicidad en Barcelona. 20 a\u00f1os desarrollando estrategias de marca y comunicaci\u00f3n para marcas globales y locales.","potentialAction":[{"@type":"SearchAction","target":{"@type":"EntryPoint","urlTemplate":"https:\/\/wedocircular.com\/?s={search_term_string}"},"query-input":{"@type":"PropertyValueSpecification","valueRequired":true,"valueName":"search_term_string"}}],"inLanguage":"ca"}]}},"_links":{"self":[{"href":"https:\/\/wedocircular.com\/cat\/wp-json\/wp\/v2\/pages\/2508","targetHints":{"allow":["GET"]}}],"collection":[{"href":"https:\/\/wedocircular.com\/cat\/wp-json\/wp\/v2\/pages"}],"about":[{"href":"https:\/\/wedocircular.com\/cat\/wp-json\/wp\/v2\/types\/page"}],"author":[{"embeddable":true,"href":"https:\/\/wedocircular.com\/cat\/wp-json\/wp\/v2\/users\/1"}],"replies":[{"embeddable":true,"href":"https:\/\/wedocircular.com\/cat\/wp-json\/wp\/v2\/comments?post=2508"}],"version-history":[{"count":0,"href":"https:\/\/wedocircular.com\/cat\/wp-json\/wp\/v2\/pages\/2508\/revisions"}],"wp:featuredmedia":[{"embeddable":true,"href":"https:\/\/wedocircular.com\/cat\/wp-json\/wp\/v2\/media\/11782"}],"wp:attachment":[{"href":"https:\/\/wedocircular.com\/cat\/wp-json\/wp\/v2\/media?parent=2508"}],"curies":[{"name":"wp","href":"https:\/\/api.w.org\/{rel}","templated":true}]}}